{"id":30,"date":"2025-11-14T21:53:27","date_gmt":"2025-11-14T21:53:27","guid":{"rendered":"https:\/\/betticket.org\/tr\/?page_id=30"},"modified":"2025-11-14T23:24:13","modified_gmt":"2025-11-14T23:24:13","slug":"iletisim","status":"publish","type":"page","link":"https:\/\/betticket.org\/tr\/iletisim\/","title":{"rendered":"\u0130leti\u015fim"},"content":{"rendered":"<p><code>betticket.org<\/code> kurumsal bilgi platformu ile temasa ge\u00e7ti\u011finiz i\u00e7in te\u015fekk\u00fcr ederiz. Marka vizyonumuz, lisans bilgilerimiz veya bu site hakk\u0131ndaki genel sorular\u0131n\u0131z i\u00e7in l\u00fctfen a\u015fa\u011f\u0131daki ileti\u015fim kanallar\u0131n\u0131 kullan\u0131n.<\/p>\n<h2>Reklam ve \u0130\u015fbirli\u011fi (Affiliate)<\/h2>\n<p>Markam\u0131zla reklam, medya veya affiliate (ortakl\u0131k) konular\u0131nda bir i\u015fbirli\u011fi ba\u015flatmak istiyorsan\u0131z, pazarlama ekibimizle do\u011frudan Telegram \u00fczerinden ileti\u015fime ge\u00e7ebilirsiniz.<\/p>\n<ul class=\"iletisim-kanallari\">\n<li><strong>Telegram:<\/strong> <a href=\"https:\/\/t.me\/betflexmarketing\" target=\"_blank\" rel=\"noopener noreferrer\"><strong>@betflexmarketing<\/strong><\/a><\/li>\n<\/ul>\n<h2>Genel Sorular<\/h2>\n<p>Yukar\u0131daki i\u015fbirli\u011fi konular\u0131 d\u0131\u015f\u0131ndaki genel kurumsal sorular\u0131n\u0131z veya <code>betticket.org<\/code> sitesi hakk\u0131ndaki geri bildirimleriniz i\u00e7in a\u015fa\u011f\u0131daki formu veya e-posta adresimizi kullanabilirsiniz.<\/p>\n<ul class=\"iletisim-kanallari\">\n<li><strong>E-posta:<\/strong> <a href=\"mailto:kurumsal@betticket.org\">kurumsal@betticket.org<\/a><\/li>\n<\/ul>\n","protected":false},"excerpt":{"rendered":"<p>betticket.org kurumsal bilgi platformu ile temasa ge\u00e7ti\u011finiz i\u00e7in te\u015fekk\u00fcr ederiz. Marka vizyonumuz, lisans bilgilerimiz veya bu site hakk\u0131ndaki genel sorular\u0131n\u0131z i\u00e7in l\u00fctfen a\u015fa\u011f\u0131daki ileti\u015fim kanallar\u0131n\u0131 kullan\u0131n. Reklam ve \u0130\u015fbirli\u011fi (Affiliate) Markam\u0131zla reklam, medya veya affiliate (ortakl\u0131k) konular\u0131nda bir i\u015fbirli\u011fi ba\u015flatmak istiyorsan\u0131z, pazarlama ekibimizle do\u011frudan Telegram \u00fczerinden ileti\u015fime ge\u00e7ebilirsiniz. Telegram: @betflexmarketing Genel Sorular Yukar\u0131daki i\u015fbirli\u011fi konular\u0131 [&hellip;]<\/p>\n","protected":false},"author":1,"featured_media":0,"parent":0,"menu_order":0,"comment_status":"closed","ping_status":"closed","template":"","meta":{"footnotes":""},"class_list":["post-30","page","type-page","status-publish","hentry"],"amp_enabled":true,"_links":{"self":[{"href":"https:\/\/betticket.org\/tr\/wp-json\/wp\/v2\/pages\/30","targetHints":{"allow":["GET"]}}],"collection":[{"href":"https:\/\/betticket.org\/tr\/wp-json\/wp\/v2\/pages"}],"about":[{"href":"https:\/\/betticket.org\/tr\/wp-json\/wp\/v2\/types\/page"}],"author":[{"embeddable":true,"href":"https:\/\/betticket.org\/tr\/wp-json\/wp\/v2\/users\/1"}],"replies":[{"embeddable":true,"href":"https:\/\/betticket.org\/tr\/wp-json\/wp\/v2\/comments?post=30"}],"version-history":[{"count":6,"href":"https:\/\/betticket.org\/tr\/wp-json\/wp\/v2\/pages\/30\/revisions"}],"predecessor-version":[{"id":54,"href":"https:\/\/betticket.org\/tr\/wp-json\/wp\/v2\/pages\/30\/revisions\/54"}],"wp:attachment":[{"href":"https:\/\/betticket.org\/tr\/wp-json\/wp\/v2\/media?parent=30"}],"curies":[{"name":"wp","href":"https:\/\/api.w.org\/{rel}","templated":true}]}}